{"id":20179,"date":"2025-05-31T13:28:38","date_gmt":"2025-05-31T11:28:38","guid":{"rendered":"https:\/\/www.opticagracia.com\/?post_type=product&#038;p=20179"},"modified":"2026-04-16T23:07:48","modified_gmt":"2026-04-16T21:07:48","slug":"gafas-de-sol-mr-boho-madalena-bbl4-11-copia","status":"publish","type":"product","link":"https:\/\/www.opticagracia.com\/fr\/producto\/gafas-de-sol-mr-boho-madalena-bbl4-11-copia\/","title":{"rendered":"Lunettes de soleil Mr. Boho LAVA FLOWING DALMATIAN"},"content":{"rendered":"<p>Les lunettes de soleil Mr. Boho donnent une touche de personnalit\u00e9 \u00e0 nos looks les plus audacieux avec des nuances de couleurs qui ne laisseront personne indiff\u00e9rent.<\/p>\n<p>MR.lava It'sBOHO Limited Edition revient avec une nouvelle proposition cette saison SS25 pour approfondir la coexistence et la symbiose entre les marques It's lava et MR.BOHO, en donnant naissance \u00e0 cette expression color\u00e9e, \u00e9nergique et originale sous forme de lunettes de soleil.<\/p>\n<p>Lunettes de soleil MR BOHO LAVA FLOWING DALMATIAN, lunettes de soleil en ac\u00e9tate de forme carr\u00e9e\/cat en cr\u00e8me et noir avec des branches en forme de vague et des verres vert fonc\u00e9 pour une protection maximale.<\/p>\n<p>&nbsp;<\/p>\n<p>&nbsp;<\/p>","protected":false},"excerpt":{"rendered":"<p>Lunettes de soleil MR BOHO LAVA FLOWING DALMATIAN, lunettes de soleil en ac\u00e9tate de forme carr\u00e9e\/cat en cr\u00e8me et noir avec des branches en forme de vague et des verres vert fonc\u00e9 pour une protection maximale.<\/p>","protected":false},"featured_media":20182,"template":"","meta":[],"product_brand":[1067],"product_cat":[895],"product_tag":[],"class_list":{"0":"post-20179","1":"product","2":"type-product","3":"status-publish","4":"has-post-thumbnail","6":"product_brand-mr-boho","7":"product_cat-gafas-de-sol","8":"pa_color-negro","9":"pa_forma-geometrica","10":"pa_forma-ojo-de-gato","11":"pa_genero-mujer","12":"pa_material-acetato","14":"first","15":"instock","16":"taxable","17":"shipping-taxable","18":"purchasable","19":"product-type-simple"},"_links":{"self":[{"href":"https:\/\/www.opticagracia.com\/fr\/wp-json\/wp\/v2\/product\/20179","targetHints":{"allow":["GET"]}}],"collection":[{"href":"https:\/\/www.opticagracia.com\/fr\/wp-json\/wp\/v2\/product"}],"about":[{"href":"https:\/\/www.opticagracia.com\/fr\/wp-json\/wp\/v2\/types\/product"}],"wp:featuredmedia":[{"embeddable":true,"href":"https:\/\/www.opticagracia.com\/fr\/wp-json\/wp\/v2\/media\/20182"}],"wp:attachment":[{"href":"https:\/\/www.opticagracia.com\/fr\/wp-json\/wp\/v2\/media?parent=20179"}],"wp:term":[{"taxonomy":"product_brand","embeddable":true,"href":"https:\/\/www.opticagracia.com\/fr\/wp-json\/wp\/v2\/product_brand?post=20179"},{"taxonomy":"product_cat","embeddable":true,"href":"https:\/\/www.opticagracia.com\/fr\/wp-json\/wp\/v2\/product_cat?post=20179"},{"taxonomy":"product_tag","embeddable":true,"href":"https:\/\/www.opticagracia.com\/fr\/wp-json\/wp\/v2\/product_tag?post=20179"}],"curies":[{"name":"wp","href":"https:\/\/api.w.org\/{rel}","templated":true}]}}