{"id":20253,"date":"2025-06-20T18:11:35","date_gmt":"2025-06-20T16:11:35","guid":{"rendered":"https:\/\/www.opticagracia.com\/?post_type=product&#038;p=20253"},"modified":"2026-04-09T23:23:30","modified_gmt":"2026-04-09T21:23:30","slug":"gafas-de-sol-miu-miu-a07-16k-01o-59-19","status":"publish","type":"product","link":"https:\/\/www.opticagracia.com\/fr\/producto\/gafas-de-sol-miu-miu-a07-16k-01o-59-19\/","title":{"rendered":"Lunettes de soleil Miu Miu A07 16K-01O 59 19"},"content":{"rendered":"<p>Miu Miu a pr\u00e9sent\u00e9 ces lunettes de soleil surdimensionn\u00e9es d'inspiration vintage lors du d\u00e9fil\u00e9 printemps-\u00e9t\u00e9 2025, qui exsudent une personnalit\u00e9 audacieuse. Dot\u00e9e d'une monture en ac\u00e9tate et de verres larges aux couleurs contrast\u00e9es, chaque paire est orn\u00e9e d'un \u00e9l\u00e9gant logo m\u00e9tallique sur les branches, ajoutant une touche de raffinement \u00e0 ce mod\u00e8le audacieux.<\/p>\n<p>Lunettes de soleil rectangulaires oversize Miu Miu A07 16K-01O 59 19 en ac\u00e9tate noir, avec logo de la marque sur les branches et verres violets.<\/p>","protected":false},"excerpt":{"rendered":"<p>O\u00f9 acheter les lunettes de soleil Miu Miu A07 16K-01O au meilleur prix ?<\/p>\n<p>Chez \u00d2ptica Gr\u00e0cia nous vous proposons ce mod\u00e8le de lunettes 100 % original, dans le catalogue de lunettes de soleil Miu Miu pour femme.<br \/>\nCes lunettes en ac\u00e9tate noir de forme rectangulaire surdimensionn\u00e9e sont synonymes de caract\u00e8re, de style et d'\u00e9l\u00e9gance. Les verres violets allient protection solaire et effet moderne distinctif, tandis que les branches orn\u00e9es du logo Miu Miu en m\u00e9tal ajoutent une touche haut de gamme qui d\u00e9finit la marque.<\/p>\n<p>Passez votre commande dans notre boutique en ligne et recevez-la chez vous dans les 24\/48 heures. Ou, si vous pr\u00e9f\u00e9rez, venez nous voir dans notre magasin d'optique de Platja d'Aro, pr\u00e8s de Barcelone, et nous vous aiderons \u00e0 choisir votre Miu Miu parfait !<\/p>","protected":false},"featured_media":20254,"template":"","meta":[],"product_brand":[1058],"product_cat":[895],"product_tag":[],"class_list":{"0":"post-20253","1":"product","2":"type-product","3":"status-publish","4":"has-post-thumbnail","6":"product_brand-miu-miu","7":"product_cat-gafas-de-sol","8":"pa_color-negro","9":"pa_forma-cuadrada","10":"pa_forma-rectangular","11":"pa_genero-mujer","12":"pa_material-acetato","14":"first","15":"outofstock","16":"taxable","17":"shipping-taxable","18":"purchasable","19":"product-type-simple"},"_links":{"self":[{"href":"https:\/\/www.opticagracia.com\/fr\/wp-json\/wp\/v2\/product\/20253","targetHints":{"allow":["GET"]}}],"collection":[{"href":"https:\/\/www.opticagracia.com\/fr\/wp-json\/wp\/v2\/product"}],"about":[{"href":"https:\/\/www.opticagracia.com\/fr\/wp-json\/wp\/v2\/types\/product"}],"wp:featuredmedia":[{"embeddable":true,"href":"https:\/\/www.opticagracia.com\/fr\/wp-json\/wp\/v2\/media\/20254"}],"wp:attachment":[{"href":"https:\/\/www.opticagracia.com\/fr\/wp-json\/wp\/v2\/media?parent=20253"}],"wp:term":[{"taxonomy":"product_brand","embeddable":true,"href":"https:\/\/www.opticagracia.com\/fr\/wp-json\/wp\/v2\/product_brand?post=20253"},{"taxonomy":"product_cat","embeddable":true,"href":"https:\/\/www.opticagracia.com\/fr\/wp-json\/wp\/v2\/product_cat?post=20253"},{"taxonomy":"product_tag","embeddable":true,"href":"https:\/\/www.opticagracia.com\/fr\/wp-json\/wp\/v2\/product_tag?post=20253"}],"curies":[{"name":"wp","href":"https:\/\/api.w.org\/{rel}","templated":true}]}}