{"id":20359,"date":"2025-11-19T11:47:08","date_gmt":"2025-11-19T10:47:08","guid":{"rendered":"https:\/\/www.opticagracia.com\/?post_type=product&#038;p=20359"},"modified":"2026-03-31T17:10:31","modified_gmt":"2026-03-31T15:10:31","slug":"gafas-de-sol-ray-ban-4455-667781-zuri","status":"publish","type":"product","link":"https:\/\/www.opticagracia.com\/fr\/producto\/gafas-de-sol-ray-ban-4455-667781-zuri\/","title":{"rendered":"Lunettes de soleil Ray Ban 4455 667781- Zuri"},"content":{"rendered":"<p data-start=\"179\" data-end=\"278\">Envie de porter les lunettes de soleil Ray-Ban qui font fureur cette saison avec leur style r\u00e9tro et branch\u00e9 ?<\/p>\n<p>Le mod\u00e8le Ray-Ban 0RB4455 se distingue par sa forme rectangulaire \u00e9troite et son look marqu\u00e9 de l'an 2000. Il offre un design moderne et l\u00e9ger et un design totalement nouveau. <em data-start=\"440\" data-end=\"452\">sans sexe<\/em>. Le mat\u00e9riau de l'armature \u00e0 base biologique offre un confort tout au long de la journ\u00e9e, tandis que le cuir et la doublure en cuir sont fabriqu\u00e9s \u00e0 partir d'un mat\u00e9riau \u00e0 base d'aluminium. <strong data-start=\"546\" data-end=\"578\">r<\/strong>Les clous m\u00e9talliques sur le devant et le logo embl\u00e9matique de Ray-Ban renforcent leur identit\u00e9. Disponibles en noir et en marron, deux teintes polyvalentes et \u00e9l\u00e9gantes, elles sont le choix id\u00e9al pour un look contemporain avec de la personnalit\u00e9.<\/p>\n<p data-start=\"774\" data-end=\"893\">","protected":false},"excerpt":{"rendered":"<p data-start=\"961\" data-end=\"1223\">Les Ray-Ban 0RB4455 combinent l'esth\u00e9tique de l'an 2000 et la simplicit\u00e9 moderne dans une \u00e9troite monture rectangulaire fabriqu\u00e9e \u00e0 partir d'un mat\u00e9riau bio-sourc\u00e9. Les rivets en m\u00e9tal et les couleurs noir et marron disponibles conf\u00e8rent \u00e0 ces lunettes un style contemporain et facile \u00e0 porter.<\/p>\n<p data-start=\"1225\" data-end=\"1329\" data-is-last-node=\"\" data-is-only-node=\"\">D\u00e9couvrez leur design contemporain chez \u00d2ptica Gr\u00e0cia Platja d'Aro et ajoutez de la personnalit\u00e9 \u00e0 votre look de tous les jours.<\/p>","protected":false},"featured_media":20360,"template":"","meta":[],"product_brand":[1069],"product_cat":[895],"product_tag":[],"class_list":{"0":"post-20359","1":"product","2":"type-product","3":"status-publish","4":"has-post-thumbnail","6":"product_brand-ray-ban","7":"product_cat-gafas-de-sol","8":"pa_forma-rectangular","9":"pa_genero-hombre","10":"pa_genero-mujer","11":"pa_genero-unisex","12":"pa_tipo-lente-polarizada","14":"first","15":"instock","16":"taxable","17":"shipping-taxable","18":"purchasable","19":"product-type-simple"},"_links":{"self":[{"href":"https:\/\/www.opticagracia.com\/fr\/wp-json\/wp\/v2\/product\/20359","targetHints":{"allow":["GET"]}}],"collection":[{"href":"https:\/\/www.opticagracia.com\/fr\/wp-json\/wp\/v2\/product"}],"about":[{"href":"https:\/\/www.opticagracia.com\/fr\/wp-json\/wp\/v2\/types\/product"}],"wp:featuredmedia":[{"embeddable":true,"href":"https:\/\/www.opticagracia.com\/fr\/wp-json\/wp\/v2\/media\/20360"}],"wp:attachment":[{"href":"https:\/\/www.opticagracia.com\/fr\/wp-json\/wp\/v2\/media?parent=20359"}],"wp:term":[{"taxonomy":"product_brand","embeddable":true,"href":"https:\/\/www.opticagracia.com\/fr\/wp-json\/wp\/v2\/product_brand?post=20359"},{"taxonomy":"product_cat","embeddable":true,"href":"https:\/\/www.opticagracia.com\/fr\/wp-json\/wp\/v2\/product_cat?post=20359"},{"taxonomy":"product_tag","embeddable":true,"href":"https:\/\/www.opticagracia.com\/fr\/wp-json\/wp\/v2\/product_tag?post=20359"}],"curies":[{"name":"wp","href":"https:\/\/api.w.org\/{rel}","templated":true}]}}