{"id":20483,"date":"2026-04-05T13:13:55","date_gmt":"2026-04-05T11:13:55","guid":{"rendered":"https:\/\/www.opticagracia.com\/?post_type=product&#038;p=20483"},"modified":"2026-04-06T10:45:15","modified_gmt":"2026-04-06T08:45:15","slug":"gafas-ray-ban-meta-wayfarer-gen-2","status":"publish","type":"product","link":"https:\/\/www.opticagracia.com\/fr\/producto\/gafas-ray-ban-meta-wayfarer-gen-2\/","title":{"rendered":"Lunettes Ray-Ban Meta WAYFARER RW4012 601\/1M (Gen 2)"},"content":{"rendered":"<p data-start=\"782\" data-end=\"927\">Les lunettes Ray-Ban Meta Wayfarer AI sont bien plus que des lunettes connect\u00e9es Ray-Ban : elles sont une nouvelle fa\u00e7on de vivre la technologie avec style. Gr\u00e2ce \u00e0 la Meta IA int\u00e9gr\u00e9e, ces lunettes dot\u00e9es d'intelligence artificielle vous permettent <strong data-start=\"1018\" data-end=\"1100\">t<\/strong>traduire des conversations en temps r\u00e9el (jusqu'\u00e0 6 langues, m\u00eame hors connexion), r\u00e9soudre des doutes et obtenir des recommandations instantan\u00e9es.<\/p>\n<p data-start=\"1157\" data-end=\"1512\">Elles int\u00e8grent une cam\u00e9ra de 12 MP avec vid\u00e9o 3K, id\u00e9ale pour ceux qui recherchent des lunettes intelligentes pour filmer et prendre des photos \u00e0 mains libres, parfaites pour les voyages et le quotidien. Leurs haut-parleurs ouverts et leurs microphones int\u00e9gr\u00e9s offrent une exp\u00e9rience compl\u00e8te pour \u00e9couter de la musique, passer des appels et utiliser des assistants vocaux sans vous isoler de votre environnement.<\/p>\n<p data-start=\"1514\" data-end=\"1696\">Avec une autonomie allant jusqu'\u00e0 8 heures, un contr\u00f4le vocal et tactile, elles sont le choix id\u00e9al si vous cherchez \u00e0 acheter des lunettes intelligentes Ray-Ban Meta qui combinent design, innovation et fonctionnalit\u00e9.<\/p>","protected":false},"excerpt":{"rendered":"<p data-start=\"157\" data-end=\"340\">\u00cates-vous \u00e0 la recherche des lunettes connect\u00e9es Ray-Ban Meta, au design embl\u00e9matique et \u00e0 la technologie avanc\u00e9e ?<\/p>\n<p data-start=\"157\" data-end=\"340\">Les lunettes Ray-Ban Meta Wayfarer combinent le style Wayfarer avec Meta AI int\u00e9gr\u00e9e. Elles permettent de traduire en temps r\u00e9el, de poser des questions et d'acc\u00e9der \u00e0 des informations sans utiliser votre t\u00e9l\u00e9phone portable.<\/p>\n<p data-start=\"157\" data-end=\"340\">Ces lunettes intelligentes avec cam\u00e9ra int\u00e8grent 12 MP et vid\u00e9o 3K, ainsi qu'un audio ouvert pour la musique et les appels. Disponibles chez \u00d2ptica Gr\u00e0cia, en magasin physique \u00e0 Platja d\u2019Aro ou avec une livraison en ligne rapide en 24\/48h.<\/p>\n<p data-start=\"1335\" data-end=\"1420\" data-is-last-node=\"\" data-is-only-node=\"\">","protected":false},"featured_media":20486,"template":"","meta":[],"product_brand":[1069],"product_cat":[895],"product_tag":[],"class_list":{"0":"post-20483","1":"product","2":"type-product","3":"status-publish","4":"has-post-thumbnail","6":"product_brand-ray-ban","7":"product_cat-gafas-de-sol","8":"pa_color-negro","9":"pa_forma-rectangular","10":"pa_genero-unisex","11":"pa_material-combinado","12":"pa_talla-1116","13":"pa_talla-1118","14":"pa_tipo-lente-fotocromatica","16":"first","17":"instock","18":"taxable","19":"shipping-taxable","20":"purchasable","21":"product-type-simple"},"_links":{"self":[{"href":"https:\/\/www.opticagracia.com\/fr\/wp-json\/wp\/v2\/product\/20483","targetHints":{"allow":["GET"]}}],"collection":[{"href":"https:\/\/www.opticagracia.com\/fr\/wp-json\/wp\/v2\/product"}],"about":[{"href":"https:\/\/www.opticagracia.com\/fr\/wp-json\/wp\/v2\/types\/product"}],"wp:featuredmedia":[{"embeddable":true,"href":"https:\/\/www.opticagracia.com\/fr\/wp-json\/wp\/v2\/media\/20486"}],"wp:attachment":[{"href":"https:\/\/www.opticagracia.com\/fr\/wp-json\/wp\/v2\/media?parent=20483"}],"wp:term":[{"taxonomy":"product_brand","embeddable":true,"href":"https:\/\/www.opticagracia.com\/fr\/wp-json\/wp\/v2\/product_brand?post=20483"},{"taxonomy":"product_cat","embeddable":true,"href":"https:\/\/www.opticagracia.com\/fr\/wp-json\/wp\/v2\/product_cat?post=20483"},{"taxonomy":"product_tag","embeddable":true,"href":"https:\/\/www.opticagracia.com\/fr\/wp-json\/wp\/v2\/product_tag?post=20483"}],"curies":[{"name":"wp","href":"https:\/\/api.w.org\/{rel}","templated":true}]}}