{"id":4236,"date":"2018-02-20T18:16:16","date_gmt":"2018-02-20T17:16:16","guid":{"rendered":"http:\/\/opticagracia.com\/?post_type=product&#038;p=4236"},"modified":"2025-02-18T18:44:59","modified_gmt":"2025-02-18T17:44:59","slug":"ray-ban-4165-justin-710-13","status":"publish","type":"product","link":"https:\/\/www.opticagracia.com\/fr\/producto\/ray-ban-4165-justin-710-13\/","title":{"rendered":"Lunettes de soleil Ray Ban Sunglasses 4165 Justin 710\/13"},"content":{"rendered":"<p>Les lunettes de soleil Ray-Ban Justin RB4165 sont l'une des plus originales de la collection Ray-Ban. Inspir\u00e9e des lunettes de soleil Wayfarer, la Justin reprend la forme classique dans une version plus sportive gr\u00e2ce \u00e0 la douceur du caoutchouc. Les nouvelles couleurs de monture d\u00e9grad\u00e9es et les nouvelles lentilles color\u00e9es \u00e9tonnantes ajoutent une touche amusante, audacieuse et audacieuse \u00e0 votre style. Elles sont disponibles dans des combinaisons de couleurs contrast\u00e9es ou avec une monture d\u00e9grad\u00e9e et des verres assortis. Vous adorerez le mat\u00e9riau durable et le look Ray-Ban incomparable de ces lunettes de soleil.<\/p>","protected":false},"excerpt":{"rendered":"<ul>\n<li>Famille de couleur avant : <span class=\"specific-info\">havane<\/span><\/li>\n<li>Mat\u00e9riau des verres : ac\u00e9tate<\/li>\n<li>Lentilles de propri\u00e9t\u00e9 : <span class=\"specific-info\">gradient standard <\/span><\/li>\n<li>Note d'information 3n<\/li>\n<li>% Transmission 16<\/li>\n<\/ul>\n<p>Monture en caoutchouc havane mat avec verres d\u00e9grad\u00e9s marron.<\/p>","protected":false},"featured_media":4239,"template":"","meta":[],"product_brand":[1069],"product_cat":[829,579,895,911,912,914,205,206,814,828],"product_tag":[],"class_list":{"0":"post-4236","1":"product","2":"type-product","3":"status-publish","4":"has-post-thumbnail","6":"product_brand-ray-ban","7":"product_cat-forma","8":"product_cat-gafas-cuadradas","9":"product_cat-gafas-de-sol","10":"product_cat-gafas-de-sol-hombre","11":"product_cat-gafas-de-sol-mujer","12":"product_cat-gafas-de-sol-unisex","13":"product_cat-gafas-hombre","14":"product_cat-gafas-mujer","15":"product_cat-gafas-unisex","16":"product_cat-menu","18":"first","19":"instock","20":"taxable","21":"shipping-taxable","22":"purchasable","23":"product-type-simple"},"_links":{"self":[{"href":"https:\/\/www.opticagracia.com\/fr\/wp-json\/wp\/v2\/product\/4236","targetHints":{"allow":["GET"]}}],"collection":[{"href":"https:\/\/www.opticagracia.com\/fr\/wp-json\/wp\/v2\/product"}],"about":[{"href":"https:\/\/www.opticagracia.com\/fr\/wp-json\/wp\/v2\/types\/product"}],"wp:featuredmedia":[{"embeddable":true,"href":"https:\/\/www.opticagracia.com\/fr\/wp-json\/wp\/v2\/media\/4239"}],"wp:attachment":[{"href":"https:\/\/www.opticagracia.com\/fr\/wp-json\/wp\/v2\/media?parent=4236"}],"wp:term":[{"taxonomy":"product_brand","embeddable":true,"href":"https:\/\/www.opticagracia.com\/fr\/wp-json\/wp\/v2\/product_brand?post=4236"},{"taxonomy":"product_cat","embeddable":true,"href":"https:\/\/www.opticagracia.com\/fr\/wp-json\/wp\/v2\/product_cat?post=4236"},{"taxonomy":"product_tag","embeddable":true,"href":"https:\/\/www.opticagracia.com\/fr\/wp-json\/wp\/v2\/product_tag?post=4236"}],"curies":[{"name":"wp","href":"https:\/\/api.w.org\/{rel}","templated":true}]}}