{"id":4427,"date":"2018-02-21T17:26:53","date_gmt":"2018-02-21T16:26:53","guid":{"rendered":"http:\/\/opticagracia.com\/?post_type=product&#038;p=4427"},"modified":"2025-02-21T20:35:58","modified_gmt":"2025-02-21T19:35:58","slug":"rayban-4171-erika-710-71","status":"publish","type":"product","link":"https:\/\/www.opticagracia.com\/fr\/producto\/rayban-4171-erika-710-71\/","title":{"rendered":"Lunettes de soleil RayBan 4171 Erika 710\/71"},"content":{"rendered":"<p>Les lunettes de soleil Ray-Ban Erika RB4171 sont l'accessoire parfait pour compl\u00e9ter n'importe quel look. Avec une face classique et des branches caoutchout\u00e9es et cercl\u00e9es de m\u00e9tal, les lunettes de soleil Ray-Ban Erika vous feront sortir du lot. Leur forme ronde et surdimensionn\u00e9e offre une protection totale contre les UV.<\/p>\n<ul>\n<li><span class=\"specific-info\">Couleur de la famille avant : Havane<br \/>\n<\/span><\/li>\n<li><span class=\"specific-info\">Mat\u00e9riau de l'oculaire : Ac\u00e9tate <\/span><\/li>\n<li><span class=\"specific-info\"> Lentilles de propri\u00e9t\u00e9 : Standard<br \/>\n<\/span><\/li>\n<li><span class=\"specific-info\">Couleur des lentilles : Vert<br \/>\n<\/span><\/li>\n<li><span class=\"specific-info\"> Note d'information 3n <\/span><\/li>\n<li><span class=\"specific-info\">% Transmission 12,9 <\/span><\/li>\n<\/ul>","protected":false},"excerpt":{"rendered":"<p>Monture brune brillante avec verres vert fonc\u00e9 pour une protection maximale, combin\u00e9e \u00e0 des branches en m\u00e9tal.<\/p>","protected":false},"featured_media":4428,"template":"","meta":[],"product_brand":[1069],"product_cat":[829,895,911,912,914,205,206,130,572,814,828],"product_tag":[],"class_list":{"0":"post-4427","1":"product","2":"type-product","3":"status-publish","4":"has-post-thumbnail","6":"product_brand-ray-ban","7":"product_cat-forma","8":"product_cat-gafas-de-sol","9":"product_cat-gafas-de-sol-hombre","10":"product_cat-gafas-de-sol-mujer","11":"product_cat-gafas-de-sol-unisex","12":"product_cat-gafas-hombre","13":"product_cat-gafas-mujer","14":"product_cat-gafas-ovaladas","15":"product_cat-gafas-redondas","16":"product_cat-gafas-unisex","17":"product_cat-menu","19":"first","20":"instock","21":"sale","22":"taxable","23":"shipping-taxable","24":"purchasable","25":"product-type-simple"},"_links":{"self":[{"href":"https:\/\/www.opticagracia.com\/fr\/wp-json\/wp\/v2\/product\/4427","targetHints":{"allow":["GET"]}}],"collection":[{"href":"https:\/\/www.opticagracia.com\/fr\/wp-json\/wp\/v2\/product"}],"about":[{"href":"https:\/\/www.opticagracia.com\/fr\/wp-json\/wp\/v2\/types\/product"}],"wp:featuredmedia":[{"embeddable":true,"href":"https:\/\/www.opticagracia.com\/fr\/wp-json\/wp\/v2\/media\/4428"}],"wp:attachment":[{"href":"https:\/\/www.opticagracia.com\/fr\/wp-json\/wp\/v2\/media?parent=4427"}],"wp:term":[{"taxonomy":"product_brand","embeddable":true,"href":"https:\/\/www.opticagracia.com\/fr\/wp-json\/wp\/v2\/product_brand?post=4427"},{"taxonomy":"product_cat","embeddable":true,"href":"https:\/\/www.opticagracia.com\/fr\/wp-json\/wp\/v2\/product_cat?post=4427"},{"taxonomy":"product_tag","embeddable":true,"href":"https:\/\/www.opticagracia.com\/fr\/wp-json\/wp\/v2\/product_tag?post=4427"}],"curies":[{"name":"wp","href":"https:\/\/api.w.org\/{rel}","templated":true}]}}