{"id":4666,"date":"2018-02-27T18:29:29","date_gmt":"2018-02-27T17:29:29","guid":{"rendered":"http:\/\/opticagracia.com\/?post_type=product&#038;p=4666"},"modified":"2025-02-18T18:54:30","modified_gmt":"2025-02-18T17:54:30","slug":"oakley-holbrook-9102-e8","status":"publish","type":"product","link":"https:\/\/www.opticagracia.com\/fr\/producto\/oakley-holbrook-9102-e8\/","title":{"rendered":"Lunettes de soleil Oakley Holbrook 9102-E8"},"content":{"rendered":"<p>Lunettes Oakley, monture noire avec verres prizm gris.<\/p>\n<ul>\n<li><span class=\"specific-info\">Couleur de la famille avant : noir <\/span><\/li>\n<li><span class=\"specific-info\"> Mat\u00e9riau des verres : ac\u00e9tate <\/span><\/li>\n<li><span class=\"specific-info\"> Propri\u00e9t\u00e9 de l'objectif : standard <\/span><\/li>\n<li><span class=\"specific-info\">Couleur des verres : gris prizm <\/span><\/li>\n<li><span class=\"specific-info\"> % Transmission 17<\/span><\/li>\n<\/ul>\n<p>Les lunettes Holbrook sont un design classique et intemporel, fusionn\u00e9 avec la technologie moderne d'Oakley. Inspir\u00e9 par les h\u00e9ros des ann\u00e9es 40, 50 et 60, ce design refl\u00e8te l'esprit d'exploration et d'aventure. Ce design convient parfaitement \u00e0 ceux qui recherchent \u00e0 la fois la performance et le style.<\/p>\n<p>Les lentilles Prizm offrent un contraste maximal et une visibilit\u00e9 am\u00e9lior\u00e9e avec les avantages du filtrage de la lumi\u00e8re des lentilles Oakley HDPolarized.<\/p>","protected":false},"excerpt":{"rendered":"<p>Lunettes Oakley, monture noire avec verres prizm gris.<\/p>","protected":false},"featured_media":4667,"template":"","meta":[],"product_brand":[1068],"product_cat":[829,579,895,911,912,914,205,206,586,814,828],"product_tag":[],"class_list":{"0":"post-4666","1":"product","2":"type-product","3":"status-publish","4":"has-post-thumbnail","6":"product_brand-oakley","7":"product_cat-forma","8":"product_cat-gafas-cuadradas","9":"product_cat-gafas-de-sol","10":"product_cat-gafas-de-sol-hombre","11":"product_cat-gafas-de-sol-mujer","12":"product_cat-gafas-de-sol-unisex","13":"product_cat-gafas-hombre","14":"product_cat-gafas-mujer","15":"product_cat-gafas-rectangulares","16":"product_cat-gafas-unisex","17":"product_cat-menu","19":"first","20":"outofstock","21":"sale","22":"taxable","23":"shipping-taxable","24":"purchasable","25":"product-type-simple"},"_links":{"self":[{"href":"https:\/\/www.opticagracia.com\/fr\/wp-json\/wp\/v2\/product\/4666","targetHints":{"allow":["GET"]}}],"collection":[{"href":"https:\/\/www.opticagracia.com\/fr\/wp-json\/wp\/v2\/product"}],"about":[{"href":"https:\/\/www.opticagracia.com\/fr\/wp-json\/wp\/v2\/types\/product"}],"wp:featuredmedia":[{"embeddable":true,"href":"https:\/\/www.opticagracia.com\/fr\/wp-json\/wp\/v2\/media\/4667"}],"wp:attachment":[{"href":"https:\/\/www.opticagracia.com\/fr\/wp-json\/wp\/v2\/media?parent=4666"}],"wp:term":[{"taxonomy":"product_brand","embeddable":true,"href":"https:\/\/www.opticagracia.com\/fr\/wp-json\/wp\/v2\/product_brand?post=4666"},{"taxonomy":"product_cat","embeddable":true,"href":"https:\/\/www.opticagracia.com\/fr\/wp-json\/wp\/v2\/product_cat?post=4666"},{"taxonomy":"product_tag","embeddable":true,"href":"https:\/\/www.opticagracia.com\/fr\/wp-json\/wp\/v2\/product_tag?post=4666"}],"curies":[{"name":"wp","href":"https:\/\/api.w.org\/{rel}","templated":true}]}}