{"id":4672,"date":"2018-02-27T18:42:44","date_gmt":"2018-02-27T17:42:44","guid":{"rendered":"http:\/\/opticagracia.com\/?post_type=product&#038;p=4672"},"modified":"2025-02-17T17:52:33","modified_gmt":"2025-02-17T16:52:33","slug":"oakley-holbrook-9102-26","status":"publish","type":"product","link":"https:\/\/www.opticagracia.com\/fr\/producto\/oakley-holbrook-9102-26\/","title":{"rendered":"Lunettes de soleil Oakley Holbrook 9102-26"},"content":{"rendered":"<p>Lunettes Oakley, monture noire mate avec verres violets miroit\u00e9s<\/p>\n<ul>\n<li>Couleur de la famille avant : noir mat avec des bordures violettes comme les lentilles.<\/li>\n<li>Mat\u00e9riau des verres : ac\u00e9tate <\/li>\n<li>Propri\u00e9t\u00e9 de l'objectif : standard <\/li>\n<li>Couleur des verres : violet miroir<\/li>\n<\/ul>\n<p>Les lunettes Holbrook sont un design classique et intemporel, fusionn\u00e9 avec la technologie moderne d'Oakley. Inspir\u00e9 par les h\u00e9ros des ann\u00e9es 40, 50 et 60, ce design refl\u00e8te l'esprit d'exploration et d'aventure. Ce design convient parfaitement \u00e0 ceux qui recherchent \u00e0 la fois la performance et le style.<\/p>","protected":false},"excerpt":{"rendered":"<p>Lunettes Oakley, monture noire mate avec verres violets miroit\u00e9s<\/p>","protected":false},"featured_media":4673,"template":"","meta":[],"product_brand":[1068],"product_cat":[829,579,895,911,912,914,205,206,586,814,828],"product_tag":[],"class_list":{"0":"post-4672","1":"product","2":"type-product","3":"status-publish","4":"has-post-thumbnail","6":"product_brand-oakley","7":"product_cat-forma","8":"product_cat-gafas-cuadradas","9":"product_cat-gafas-de-sol","10":"product_cat-gafas-de-sol-hombre","11":"product_cat-gafas-de-sol-mujer","12":"product_cat-gafas-de-sol-unisex","13":"product_cat-gafas-hombre","14":"product_cat-gafas-mujer","15":"product_cat-gafas-rectangulares","16":"product_cat-gafas-unisex","17":"product_cat-menu","19":"first","20":"outofstock","21":"sale","22":"taxable","23":"shipping-taxable","24":"purchasable","25":"product-type-simple"},"_links":{"self":[{"href":"https:\/\/www.opticagracia.com\/fr\/wp-json\/wp\/v2\/product\/4672","targetHints":{"allow":["GET"]}}],"collection":[{"href":"https:\/\/www.opticagracia.com\/fr\/wp-json\/wp\/v2\/product"}],"about":[{"href":"https:\/\/www.opticagracia.com\/fr\/wp-json\/wp\/v2\/types\/product"}],"wp:featuredmedia":[{"embeddable":true,"href":"https:\/\/www.opticagracia.com\/fr\/wp-json\/wp\/v2\/media\/4673"}],"wp:attachment":[{"href":"https:\/\/www.opticagracia.com\/fr\/wp-json\/wp\/v2\/media?parent=4672"}],"wp:term":[{"taxonomy":"product_brand","embeddable":true,"href":"https:\/\/www.opticagracia.com\/fr\/wp-json\/wp\/v2\/product_brand?post=4672"},{"taxonomy":"product_cat","embeddable":true,"href":"https:\/\/www.opticagracia.com\/fr\/wp-json\/wp\/v2\/product_cat?post=4672"},{"taxonomy":"product_tag","embeddable":true,"href":"https:\/\/www.opticagracia.com\/fr\/wp-json\/wp\/v2\/product_tag?post=4672"}],"curies":[{"name":"wp","href":"https:\/\/api.w.org\/{rel}","templated":true}]}}