{"id":4683,"date":"2018-02-27T19:22:31","date_gmt":"2018-02-27T18:22:31","guid":{"rendered":"http:\/\/opticagracia.com\/?post_type=product&#038;p=4683"},"modified":"2025-02-18T18:37:30","modified_gmt":"2025-02-18T17:37:30","slug":"oakley-9444-02-frogskins","status":"publish","type":"product","link":"https:\/\/www.opticagracia.com\/fr\/producto\/oakley-9444-02-frogskins\/","title":{"rendered":"Lunettes de soleil Oakley 9444-02 Frogskins Matte Black"},"content":{"rendered":"<p>[:es]Las gafas Frogskins fueron creadas durante los a\u00f1os ochenta y desde entonces se han reeditado con dise\u00f1os cada vez m\u00e1s originales, convirti\u00e9ndose en un cl\u00e1sico de la marca Oakley. El modelo captura cada elemento de la cultura popular y se adapta a todas las formas de la cara ya que es un dise\u00f1o unisex.<\/p>\n<p>&nbsp;[:ca]Les ulleres Frogskins van ser creades durant els anys vuitanta i des de llavors s&#8217;han reeditat amb dissenys cada cop m\u00e9s originals, convertint-se en un cl\u00e0ssic de la marca Oakley. El model captura cada element de la cultura popular i s&#8217;adapta a totes les formes de la cara, ja que \u00e9s un disseny unisex.[:en]Frogskins glasses were created during the eighties and since then they have been reissued with more and more original designs, becoming a classic of the Oakley brand. The model captures every element of popular culture and adapts to all face shapes as it is a unisex design.[:fr]Les lunettes Frogskins ont \u00e9t\u00e9 cr\u00e9\u00e9es dans les ann\u00e9es 80 et depuis, elles ont \u00e9t\u00e9 r\u00e9\u00e9dit\u00e9es avec des designs de plus en plus originaux, devenant ainsi un classique de la marque Oakley. Le mod\u00e8le reprend chaque \u00e9l\u00e9ment de la culture populaire et s&#8217;adapte \u00e0 toutes les formes de visage puisqu&#8217;il s&#8217;agit d&#8217;un mod\u00e8le unisexe.[:]<\/p>\n","protected":false},"excerpt":{"rendered":"<p>[:es]<\/p>\n<ul>\n<li><span class=\"specific-info\">Familia frontal color: negro <\/span><\/li>\n<li><span class=\"specific-info\">Material de lentes: acetato <\/span><\/li>\n<li><span class=\"specific-info\">Propiedad lentes: standard <\/span><\/li>\n<li><span class=\"specific-info\">Color lentes: gris <\/span><\/li>\n<li><span class=\"specific-info\">Nota de informaci\u00f3n 3n<\/span><\/li>\n<li><span class=\"specific-info\"> % Transmisi\u00f3n 17 <\/span><\/li>\n<\/ul>\n<p>Gafas Oakley, montura negra con lentes de color gris con filtro Prizm oscuras de m\u00e1xima protecci\u00f3n.[:ca]<\/p>\n<ul>\n<li>Color de la fam\u00edlia frontal: Negre<\/li>\n<li>Material de la lent: acetat<\/li>\n<li>Propietats de la lent: est\u00e0ndard<\/li>\n<li>Color de la lent: gris<\/li>\n<li>3n Nota informativa<\/li>\n<li>Transmissi\u00f3 17<\/li>\n<\/ul>\n<p>Ulleres de sol Oakley, montura negre i lents grises amb filtre Prizm fosc per a la m\u00e0xima protecci\u00f3.[:en]<\/p>\n<ul>\n<li>Colour front family: black<\/li>\n<li>Lens material: acetate<\/li>\n<li>Lens property: standard<\/li>\n<li>Lens colour: grey<\/li>\n<li>Information note 3n<\/li>\n<li>% Transmission 17<\/li>\n<\/ul>\n<p>Oakley glasses, black frame with grey lenses with dark Prizm filter for maximum protection.[:fr]<\/p>\n<ul>\n<li>Couleur de la famille avant : noir<\/li>\n<li>Mat\u00e9riau des verres : ac\u00e9tate<\/li>\n<li>Propri\u00e9t\u00e9 de l&#8217;objectif : standard<\/li>\n<li>Couleur des verres : gris<\/li>\n<li>Note d&#8217;information 3n<\/li>\n<li>Transmission 17<\/li>\n<\/ul>\n<p>Lunettes Oakley, monture noire et verres gris avec filtre Prizm fonc\u00e9 pour une protection maximale.[:]<\/p>\n","protected":false},"featured_media":17247,"template":"","meta":[],"product_brand":[1068],"product_cat":[829,579,895,911,912,914,205,206,586,814,828],"product_tag":[],"class_list":{"0":"post-4683","1":"product","2":"type-product","3":"status-publish","4":"has-post-thumbnail","6":"product_brand-oakley","7":"product_cat-forma","8":"product_cat-gafas-cuadradas","9":"product_cat-gafas-de-sol","10":"product_cat-gafas-de-sol-hombre","11":"product_cat-gafas-de-sol-mujer","12":"product_cat-gafas-de-sol-unisex","13":"product_cat-gafas-hombre","14":"product_cat-gafas-mujer","15":"product_cat-gafas-rectangulares","16":"product_cat-gafas-unisex","17":"product_cat-menu","19":"first","20":"instock","21":"sale","22":"taxable","23":"shipping-taxable","24":"purchasable","25":"product-type-simple"},"_links":{"self":[{"href":"https:\/\/www.opticagracia.com\/fr\/wp-json\/wp\/v2\/product\/4683","targetHints":{"allow":["GET"]}}],"collection":[{"href":"https:\/\/www.opticagracia.com\/fr\/wp-json\/wp\/v2\/product"}],"about":[{"href":"https:\/\/www.opticagracia.com\/fr\/wp-json\/wp\/v2\/types\/product"}],"wp:featuredmedia":[{"embeddable":true,"href":"https:\/\/www.opticagracia.com\/fr\/wp-json\/wp\/v2\/media\/17247"}],"wp:attachment":[{"href":"https:\/\/www.opticagracia.com\/fr\/wp-json\/wp\/v2\/media?parent=4683"}],"wp:term":[{"taxonomy":"product_brand","embeddable":true,"href":"https:\/\/www.opticagracia.com\/fr\/wp-json\/wp\/v2\/product_brand?post=4683"},{"taxonomy":"product_cat","embeddable":true,"href":"https:\/\/www.opticagracia.com\/fr\/wp-json\/wp\/v2\/product_cat?post=4683"},{"taxonomy":"product_tag","embeddable":true,"href":"https:\/\/www.opticagracia.com\/fr\/wp-json\/wp\/v2\/product_tag?post=4683"}],"curies":[{"name":"wp","href":"https:\/\/api.w.org\/{rel}","templated":true}]}}