{"id":4690,"date":"2018-02-27T19:38:01","date_gmt":"2018-02-27T18:38:01","guid":{"rendered":"http:\/\/opticagracia.com\/?post_type=product&#038;p=4690"},"modified":"2025-04-12T13:04:21","modified_gmt":"2025-04-12T11:04:21","slug":"oakley-9013-24-306-frogskins","status":"publish","type":"product","link":"https:\/\/www.opticagracia.com\/fr\/producto\/oakley-9013-24-306-frogskins\/","title":{"rendered":"Lunettes de soleil Oakley 9013 C4 Frogskins noir"},"content":{"rendered":"<p>Les Frogskins ont \u00e9t\u00e9 cr\u00e9\u00e9es dans les ann\u00e9es 80 et ont depuis \u00e9t\u00e9 r\u00e9\u00e9dit\u00e9es avec des designs de plus en plus originaux, devenant ainsi un classique de la marque Oakley. Le mod\u00e8le capture tous les \u00e9l\u00e9ments de la culture populaire et s'adapte \u00e0 toutes les formes de visage puisqu'il s'agit d'un design unisexe.<\/p>","protected":false},"excerpt":{"rendered":"<ul>\n<li><span class=\"specific-info\">Couleur de la famille avant : noir<\/span><\/li>\n<li><span class=\"specific-info\"> Mat\u00e9riau des verres : ac\u00e9tate <\/span><\/li>\n<li><span class=\"specific-info\">Propri\u00e9t\u00e9 de l'objectif : standard <\/span><\/li>\n<li><span class=\"specific-info\"> Couleur de l'oculaire : gris prizm fonc\u00e9 <\/span><\/li>\n<li><span class=\"specific-info\">% Transmission 10 <\/span><\/li>\n<\/ul>\n<p>Monture noire brillante avec verres gris fonc\u00e9 pour une protection maximale avec filtre prizm.<\/p>","protected":false},"featured_media":20091,"template":"","meta":[],"product_brand":[1068],"product_cat":[829,579,895,911,912,914,205,206,586,814,828],"product_tag":[],"class_list":{"0":"post-4690","1":"product","2":"type-product","3":"status-publish","4":"has-post-thumbnail","6":"product_brand-oakley","7":"product_cat-forma","8":"product_cat-gafas-cuadradas","9":"product_cat-gafas-de-sol","10":"product_cat-gafas-de-sol-hombre","11":"product_cat-gafas-de-sol-mujer","12":"product_cat-gafas-de-sol-unisex","13":"product_cat-gafas-hombre","14":"product_cat-gafas-mujer","15":"product_cat-gafas-rectangulares","16":"product_cat-gafas-unisex","17":"product_cat-menu","19":"first","20":"outofstock","21":"taxable","22":"shipping-taxable","23":"purchasable","24":"product-type-simple"},"_links":{"self":[{"href":"https:\/\/www.opticagracia.com\/fr\/wp-json\/wp\/v2\/product\/4690","targetHints":{"allow":["GET"]}}],"collection":[{"href":"https:\/\/www.opticagracia.com\/fr\/wp-json\/wp\/v2\/product"}],"about":[{"href":"https:\/\/www.opticagracia.com\/fr\/wp-json\/wp\/v2\/types\/product"}],"wp:featuredmedia":[{"embeddable":true,"href":"https:\/\/www.opticagracia.com\/fr\/wp-json\/wp\/v2\/media\/20091"}],"wp:attachment":[{"href":"https:\/\/www.opticagracia.com\/fr\/wp-json\/wp\/v2\/media?parent=4690"}],"wp:term":[{"taxonomy":"product_brand","embeddable":true,"href":"https:\/\/www.opticagracia.com\/fr\/wp-json\/wp\/v2\/product_brand?post=4690"},{"taxonomy":"product_cat","embeddable":true,"href":"https:\/\/www.opticagracia.com\/fr\/wp-json\/wp\/v2\/product_cat?post=4690"},{"taxonomy":"product_tag","embeddable":true,"href":"https:\/\/www.opticagracia.com\/fr\/wp-json\/wp\/v2\/product_tag?post=4690"}],"curies":[{"name":"wp","href":"https:\/\/api.w.org\/{rel}","templated":true}]}}