{"id":5819,"date":"2018-04-05T16:10:51","date_gmt":"2018-04-05T14:10:51","guid":{"rendered":"http:\/\/opticagracia.com\/?post_type=product&#038;p=5819"},"modified":"2025-02-12T17:42:14","modified_gmt":"2025-02-12T16:42:14","slug":"ray-ban-3546-90118b","status":"publish","type":"product","link":"https:\/\/www.opticagracia.com\/fr\/producto\/ray-ban-3546-90118b\/","title":{"rendered":"Lunettes de soleil Ray-Ban 3546 90118B"},"content":{"rendered":"<p>Ray Ban 3546 metallic gold beige avec double pont et verres min\u00e9raux semi-miroirs bleus.<\/p>\n<ul>\n<li>Couleur avant de la famille : beige<\/li>\n<li>Mat\u00e9riau de l'oculaire : min\u00e9ral<\/li>\n<li>Propri\u00e9t\u00e9 de l'objectif : standard<\/li>\n<li>Couleur de l'objectif : bleu semi-miroir<\/li>\n<li>100% UV<\/li>\n<\/ul>\n<p>Le design minimaliste et ultra-l\u00e9ger, le double pont super \u00e9l\u00e9gant et les lentilles m\u00e9talliques lumineuses se fondent parfaitement pour donner \u00e0 cette forme solaire m\u00e9tallique d'avant-garde un style irr\u00e9sistible et street-smart.<\/p>","protected":false},"excerpt":{"rendered":"<p>Ray Ban 3546 metallic gold beige avec double pont et verres min\u00e9raux semi-miroirs bleus.<\/p>","protected":false},"featured_media":5820,"template":"","meta":[],"product_brand":[1069],"product_cat":[829,895,911,912,914,585,205,206,572,814,828],"product_tag":[],"class_list":{"0":"post-5819","1":"product","2":"type-product","3":"status-publish","4":"has-post-thumbnail","6":"product_brand-ray-ban","7":"product_cat-forma","8":"product_cat-gafas-de-sol","9":"product_cat-gafas-de-sol-hombre","10":"product_cat-gafas-de-sol-mujer","11":"product_cat-gafas-de-sol-unisex","12":"product_cat-gafas-doble-puente","13":"product_cat-gafas-hombre","14":"product_cat-gafas-mujer","15":"product_cat-gafas-redondas","16":"product_cat-gafas-unisex","17":"product_cat-menu","19":"first","20":"instock","21":"sale","22":"taxable","23":"shipping-taxable","24":"purchasable","25":"product-type-simple"},"_links":{"self":[{"href":"https:\/\/www.opticagracia.com\/fr\/wp-json\/wp\/v2\/product\/5819","targetHints":{"allow":["GET"]}}],"collection":[{"href":"https:\/\/www.opticagracia.com\/fr\/wp-json\/wp\/v2\/product"}],"about":[{"href":"https:\/\/www.opticagracia.com\/fr\/wp-json\/wp\/v2\/types\/product"}],"wp:featuredmedia":[{"embeddable":true,"href":"https:\/\/www.opticagracia.com\/fr\/wp-json\/wp\/v2\/media\/5820"}],"wp:attachment":[{"href":"https:\/\/www.opticagracia.com\/fr\/wp-json\/wp\/v2\/media?parent=5819"}],"wp:term":[{"taxonomy":"product_brand","embeddable":true,"href":"https:\/\/www.opticagracia.com\/fr\/wp-json\/wp\/v2\/product_brand?post=5819"},{"taxonomy":"product_cat","embeddable":true,"href":"https:\/\/www.opticagracia.com\/fr\/wp-json\/wp\/v2\/product_cat?post=5819"},{"taxonomy":"product_tag","embeddable":true,"href":"https:\/\/www.opticagracia.com\/fr\/wp-json\/wp\/v2\/product_tag?post=5819"}],"curies":[{"name":"wp","href":"https:\/\/api.w.org\/{rel}","templated":true}]}}