{"id":5845,"date":"2018-04-05T18:15:14","date_gmt":"2018-04-05T16:15:14","guid":{"rendered":"http:\/\/opticagracia.com\/?post_type=product&#038;p=5845"},"modified":"2025-02-12T17:41:23","modified_gmt":"2025-02-12T16:41:23","slug":"ray-ban-3546-900985","status":"publish","type":"product","link":"https:\/\/www.opticagracia.com\/fr\/producto\/ray-ban-3546-900985\/","title":{"rendered":"Lunettes de soleil Ray-Ban 3546 900985"},"content":{"rendered":"<p>Ray Ban 3546 m\u00e9tallique marron dor\u00e9 avec double pont et lentilles min\u00e9rales marron d\u00e9grad\u00e9es.<\/p>\n<ul>\n<li>Couleur de la famille avant : marron<\/li>\n<li>Mat\u00e9riau de l'oculaire : min\u00e9ral<\/li>\n<li>Propri\u00e9t\u00e9 de l'objectif : standard<\/li>\n<li>Couleur des verres : brun d\u00e9grad\u00e9<\/li>\n<li>100% UV<\/li>\n<\/ul>\n<p>Le design minimaliste et ultra-l\u00e9ger, le double pont super \u00e9l\u00e9gant et les lentilles m\u00e9talliques lumineuses se fondent parfaitement pour donner \u00e0 cette forme solaire m\u00e9tallique d'avant-garde un style irr\u00e9sistible et street-smart.<\/p>","protected":false},"excerpt":{"rendered":"<p>Ray Ban 3546 m\u00e9tallique marron dor\u00e9 avec double pont et lentilles min\u00e9rales marron d\u00e9grad\u00e9es.<\/p>","protected":false},"featured_media":5846,"template":"","meta":[],"product_brand":[1069],"product_cat":[829,895,911,912,914,585,205,206,572,814,828],"product_tag":[],"class_list":{"0":"post-5845","1":"product","2":"type-product","3":"status-publish","4":"has-post-thumbnail","6":"product_brand-ray-ban","7":"product_cat-forma","8":"product_cat-gafas-de-sol","9":"product_cat-gafas-de-sol-hombre","10":"product_cat-gafas-de-sol-mujer","11":"product_cat-gafas-de-sol-unisex","12":"product_cat-gafas-doble-puente","13":"product_cat-gafas-hombre","14":"product_cat-gafas-mujer","15":"product_cat-gafas-redondas","16":"product_cat-gafas-unisex","17":"product_cat-menu","19":"first","20":"instock","21":"sale","22":"taxable","23":"shipping-taxable","24":"purchasable","25":"product-type-simple"},"_links":{"self":[{"href":"https:\/\/www.opticagracia.com\/fr\/wp-json\/wp\/v2\/product\/5845","targetHints":{"allow":["GET"]}}],"collection":[{"href":"https:\/\/www.opticagracia.com\/fr\/wp-json\/wp\/v2\/product"}],"about":[{"href":"https:\/\/www.opticagracia.com\/fr\/wp-json\/wp\/v2\/types\/product"}],"wp:featuredmedia":[{"embeddable":true,"href":"https:\/\/www.opticagracia.com\/fr\/wp-json\/wp\/v2\/media\/5846"}],"wp:attachment":[{"href":"https:\/\/www.opticagracia.com\/fr\/wp-json\/wp\/v2\/media?parent=5845"}],"wp:term":[{"taxonomy":"product_brand","embeddable":true,"href":"https:\/\/www.opticagracia.com\/fr\/wp-json\/wp\/v2\/product_brand?post=5845"},{"taxonomy":"product_cat","embeddable":true,"href":"https:\/\/www.opticagracia.com\/fr\/wp-json\/wp\/v2\/product_cat?post=5845"},{"taxonomy":"product_tag","embeddable":true,"href":"https:\/\/www.opticagracia.com\/fr\/wp-json\/wp\/v2\/product_tag?post=5845"}],"curies":[{"name":"wp","href":"https:\/\/api.w.org\/{rel}","templated":true}]}}