{"id":9106,"date":"2018-12-17T12:52:33","date_gmt":"2018-12-17T11:52:33","guid":{"rendered":"http:\/\/opticagracia.com\/?post_type=product&#038;p=9106"},"modified":"2026-04-18T18:30:13","modified_gmt":"2026-04-18T16:30:13","slug":"gafas-rayban-3647n-90683f-blue-gr","status":"publish","type":"product","link":"https:\/\/www.opticagracia.com\/fr\/producto\/gafas-rayban-3647n-90683f-blue-gr\/","title":{"rendered":"Lunettes de soleil RayBan 3647 90683F"},"content":{"rendered":"<p>Lunettes Ray Ban 3647 rondes en m\u00e9tal avec double pont bleu clair et verres min\u00e9raux d\u00e9grad\u00e9s bleus 100% UV.<\/p>\n<ul>\n<li>Couleur de la face avant : bleu transparent<\/li>\n<li>Mat\u00e9riau de l'oculaire : min\u00e9ral<\/li>\n<li>Propri\u00e9t\u00e9 de l'objectif : standard<\/li>\n<li>Couleur des verres : bleu d\u00e9grad\u00e9<\/li>\n<li>100% UV<\/li>\n<\/ul>\n<p>L'un des mod\u00e8les les plus vendus, le Round Double Bridge, est d\u00e9sormais disponible avec des montures color\u00e9es recouvertes de fins cercles en plastique de diff\u00e9rentes nuances. Les verres d\u00e9grad\u00e9s contemporains et les montures color\u00e9es transparentes soulignent l'identit\u00e9 unique de ces lunettes en m\u00e9tal durables et tr\u00e8s \u00e9l\u00e9gantes.<br \/>\nUn mod\u00e8le street-smart minimaliste, unisexe et facile \u00e0 porter pour les personnes tr\u00e8s styl\u00e9es.<\/p>","protected":false},"excerpt":{"rendered":"<p>Lunettes Ray Ban 3647 rondes en m\u00e9tal avec double pont bleu clair et verres min\u00e9raux d\u00e9grad\u00e9s bleus 100% UV.<\/p>","protected":false},"featured_media":11450,"template":"","meta":[],"product_brand":[1069],"product_cat":[895],"product_tag":[],"class_list":{"0":"post-9106","1":"product","2":"type-product","3":"status-publish","4":"has-post-thumbnail","6":"product_brand-ray-ban","7":"product_cat-gafas-de-sol","8":"pa_color-dorado","9":"pa_forma-doble-puente","10":"pa_forma-redonda","11":"pa_genero-hombre","12":"pa_genero-mujer","13":"pa_genero-unisex","14":"pa_material-metal","16":"first","17":"instock","18":"sale","19":"taxable","20":"shipping-taxable","21":"purchasable","22":"product-type-simple"},"_links":{"self":[{"href":"https:\/\/www.opticagracia.com\/fr\/wp-json\/wp\/v2\/product\/9106","targetHints":{"allow":["GET"]}}],"collection":[{"href":"https:\/\/www.opticagracia.com\/fr\/wp-json\/wp\/v2\/product"}],"about":[{"href":"https:\/\/www.opticagracia.com\/fr\/wp-json\/wp\/v2\/types\/product"}],"wp:featuredmedia":[{"embeddable":true,"href":"https:\/\/www.opticagracia.com\/fr\/wp-json\/wp\/v2\/media\/11450"}],"wp:attachment":[{"href":"https:\/\/www.opticagracia.com\/fr\/wp-json\/wp\/v2\/media?parent=9106"}],"wp:term":[{"taxonomy":"product_brand","embeddable":true,"href":"https:\/\/www.opticagracia.com\/fr\/wp-json\/wp\/v2\/product_brand?post=9106"},{"taxonomy":"product_cat","embeddable":true,"href":"https:\/\/www.opticagracia.com\/fr\/wp-json\/wp\/v2\/product_cat?post=9106"},{"taxonomy":"product_tag","embeddable":true,"href":"https:\/\/www.opticagracia.com\/fr\/wp-json\/wp\/v2\/product_tag?post=9106"}],"curies":[{"name":"wp","href":"https:\/\/api.w.org\/{rel}","templated":true}]}}